{"id":2725,"date":"2025-03-12T14:29:29","date_gmt":"2025-03-12T13:29:29","guid":{"rendered":"https:\/\/hotelvillasantangelo.it\/startseite\/"},"modified":"2026-03-07T14:04:57","modified_gmt":"2026-03-07T13:04:57","slug":"startseite","status":"publish","type":"page","link":"https:\/\/hotelvillasantangelo.it\/de\/","title":{"rendered":"Startseite"},"content":{"rendered":"<p>[et_pb_section fb_built=&#8220;1&#8243; fullwidth=&#8220;on&#8220; module_id=&#8220;icon-anchor&#8220; _builder_version=&#8220;4.27.4&#8243; _module_preset=&#8220;default&#8220; global_colors_info=&#8220;{}&#8220;][et_pb_fullwidth_slider _builder_version=&#8220;4.27.4&#8243; _module_preset=&#8220;default&#8220; custom_padding=&#8220;414px||400px||false|false&#8220; custom_padding_tablet=&#8220;32.2%||32.2%||true|false&#8220; custom_padding_phone=&#8220;57.2%||57.2%||true|false&#8220; custom_padding_last_edited=&#8220;on|desktop&#8220; auto=&#8220;on&#8220; auto_speed=&#8220;4000&#8243; auto_ignore_hover=&#8220;on&#8220; global_colors_info=&#8220;{}&#8220;][et_pb_slide _builder_version=&#8220;4.27.4&#8243; _module_preset=&#8220;default&#8220; background_enable_color=&#8220;off&#8220; background_enable_image=&#8220;off&#8220; background_video_mp4=&#8220;https:\/\/hotelvillasantangelo.it\/wp-content\/uploads\/2025\/02\/Startseite-Zusammenschnitt-neu.mp4&#8243; background_enable_video_mp4=&#8220;on&#8220; background_last_edited=&#8220;on|tablet&#8220; background_image_tablet=&#8220;https:\/\/hotelvillasantangelo.it\/wp-content\/uploads\/2025\/01\/header-1.jpg&#8220; background_enable_image_tablet=&#8220;on&#8220; background_enable_image_phone=&#8220;off&#8220; parallax_tablet=&#8220;off&#8220; parallax_phone=&#8220;off&#8220; background_video_mp4_tablet=&#8220;https:\/\/hotelvillasantangelo.it\/wp-content\/uploads\/2025\/02\/Startseite-Zusammenschnitt-neu.mp4&#8243; background_video_mp4_phone=&#8220;https:\/\/hotelvillasantangelo.it\/wp-content\/uploads\/2025\/02\/Villa-st-angelo-mobile-final.mp4&#8243; background_enable_video_mp4_tablet=&#8220;on&#8220; background_enable_video_mp4_phone=&#8220;on&#8220; global_colors_info=&#8220;{}&#8220; sticky_transition=&#8220;on&#8220;][\/et_pb_slide][\/et_pb_fullwidth_slider][\/et_pb_section][et_pb_section fb_built=&#8220;1&#8243; custom_padding_last_edited=&#8220;on|desktop&#8220; _builder_version=&#8220;4.27.4&#8243; _module_preset=&#8220;default&#8220; custom_margin=&#8220;0px|0px|0px|0px|true|true&#8220; custom_padding=&#8220;5%|0px|3%|0px|false|true&#8220; custom_padding_tablet=&#8220;8.2%|0px|8.2%|0px|true|true&#8220; custom_padding_phone=&#8220;11.5%|0px|7.1%|0px|false|true&#8220; global_colors_info=&#8220;{}&#8220;][et_pb_row _builder_version=&#8220;4.27.4&#8243; _module_preset=&#8220;default&#8220; width=&#8220;100%&#8220; width_tablet=&#8220;90%&#8220; width_phone=&#8220;90%&#8220; width_last_edited=&#8220;on|phone&#8220; custom_margin=&#8220;0px||0px||true|false&#8220; custom_padding=&#8220;0px||0px||true|false&#8220; global_colors_info=&#8220;{}&#8220;][et_pb_column type=&#8220;4_4&#8243; _builder_version=&#8220;4.27.4&#8243; _module_preset=&#8220;default&#8220; global_colors_info=&#8220;{}&#8220;][et_pb_heading title=&#8220;WILLKOMMEN IN DER VILLA SANT&#8217;ANGELO&#8220; _builder_version=&#8220;4.27.4&#8243; _module_preset=&#8220;default&#8220; title_font=&#8220;Marcellus Sc Regular||||||||&#8220; title_text_align=&#8220;center&#8220; title_text_color=&#8220;#1a4a5e&#8220; title_font_size=&#8220;3.4rem&#8220; title_line_height=&#8220;1.3em&#8220; custom_margin=&#8220;0px||0px||true|false&#8220; custom_padding=&#8220;0px||0px||true|false&#8220; title_font_size_tablet=&#8220;2.9rem&#8220; title_font_size_phone=&#8220;2.2rem&#8220; title_font_size_last_edited=&#8220;on|tablet&#8220; global_colors_info=&#8220;{}&#8220;][\/et_pb_heading][et_pb_text _builder_version=&#8220;4.27.4&#8243; _module_preset=&#8220;default&#8220; text_font=&#8220;Lato Light||||||||&#8220; text_text_color=&#8220;#1a4a5e&#8220; text_font_size=&#8220;1.6rem&#8220; text_line_height=&#8220;1.5em&#8220; header_text_color=&#8220;#1a4a5e&#8220; text_orientation=&#8220;center&#8220; custom_margin=&#8220;||||false|false&#8220; text_font_size_tablet=&#8220;1.4rem&#8220; text_font_size_phone=&#8220;1.2rem&#8220; text_font_size_last_edited=&#8220;on|phone&#8220; global_colors_info=&#8220;{}&#8220;]<\/p>\n<p data-start=\"99\" data-end=\"332\">Eingebettet in die sanften H\u00fcgel von Alba Adriatica, nur 2 km vom Meer entfernt, befindet sich die Villa Sant&#8217;Angelo an einem exklusiven Ort. Hier vereinen sich traditioneller Charme, feine K\u00fcche und unber\u00fchrte Natur zu einem einzigartigen R\u00fcckzugsort. <\/p>\n<p data-start=\"334\" data-end=\"494\">\u00abWir heissen Sie herzlich willkommen in unserem kleinen R\u00fcckzugsort voller Eleganz, Tradition und zeitloser Ruhe \u2013 inspiriert von der typischen Architektur der l\u00e4ndlichen Abruzzen.\u00bb<\/p>\n<p data-start=\"470\" data-end=\"521\">\n<p>[\/et_pb_text][\/et_pb_column][\/et_pb_row][\/et_pb_section][et_pb_section fb_built=&#8220;1&#8243; custom_padding_last_edited=&#8220;on|phone&#8220; _builder_version=&#8220;4.27.4&#8243; _module_preset=&#8220;default&#8220; custom_margin=&#8220;0px||0px||true|false&#8220; custom_padding=&#8220;||7%||false|false&#8220; custom_padding_tablet=&#8220;&#8220; custom_padding_phone=&#8220;8%||21%||false|false&#8220; global_colors_info=&#8220;{}&#8220;][et_pb_row column_structure=&#8220;1_4,1_4,1_4,1_4&#8243; use_custom_gutter=&#8220;on&#8220; gutter_width=&#8220;2&#8243; _builder_version=&#8220;4.27.4&#8243; _module_preset=&#8220;default&#8220; module_alignment=&#8220;center&#8220; custom_margin=&#8220;0px||0px||true|false&#8220; custom_padding=&#8220;0px||0px||true|false&#8220; custom_css_free_form=&#8220;.et_pb_row_4col {||    display: flex;||}||||.et_pb_row_4col .et_pb_column {||    display: flex;||    flex-direction: column;||}||||.et_pb_row_4col .et_pb_text {||    flex-grow: 1;||}&#8220; global_colors_info=&#8220;{}&#8220;][et_pb_column type=&#8220;1_4&#8243; _builder_version=&#8220;4.27.4&#8243; _dynamic_attributes=&#8220;link_option_url&#8220; _module_preset=&#8220;default&#8220; animation_style=&#8220;fade&#8220; animation_duration=&#8220;700ms&#8220; link_option_url=&#8220;@ET-DC@eyJkeW5hbWljIjp0cnVlLCJjb250ZW50IjoicG9zdF9saW5rX3VybF9wYWdlIiwic2V0dGluZ3MiOnsicG9zdF9pZCI6IjEzNCIsImVuYWJsZV9odG1sIjoib2ZmIn19@&#8220; global_colors_info=&#8220;{}&#8220;][et_pb_image src=&#8220;https:\/\/hotelvillasantangelo.it\/wp-content\/uploads\/2025\/09\/teaser-home_restaurant.jpg&#8220; title_text=&#8220;teaser-home_restaurant&#8220; force_fullwidth=&#8220;on&#8220; _builder_version=&#8220;4.27.4&#8243; _module_preset=&#8220;default&#8220; custom_margin=&#8220;0px||0px||true|false&#8220; custom_padding=&#8220;0px||0px||true|false&#8220; hover_enabled=&#8220;0&#8243; border_width_bottom=&#8220;4px&#8220; border_color_bottom=&#8220;#FFFFFF&#8220; global_colors_info=&#8220;{}&#8220; sticky_enabled=&#8220;0&#8243;][\/et_pb_image][et_pb_text _builder_version=&#8220;4.27.4&#8243; _module_preset=&#8220;default&#8220; text_font=&#8220;Lato Light||||||||&#8220; text_text_color=&#8220;#FFFFFF&#8220; text_font_size=&#8220;1.6rem&#8220; text_line_height=&#8220;1.5em&#8220; header_text_color=&#8220;#1a4a5e&#8220; background_color=&#8220;#a7997c&#8220; text_orientation=&#8220;center&#8220; custom_margin=&#8220;0px|0px|0px|0px|true|true&#8220; custom_padding=&#8220;4%|4%|4%|4%|true|true&#8220; text_font_size_tablet=&#8220;1.4rem&#8220; text_font_size_phone=&#8220;1.2rem&#8220; text_font_size_last_edited=&#8220;on|phone&#8220; global_colors_info=&#8220;{}&#8220;]<\/p>\n<p>\u00abLa Loggia\u00bb<br \/>Gourmet-Erlebnisse mit frischen Fischspezialit\u00e4ten und lokalen Gerichten<\/p>\n<p>[\/et_pb_text][\/et_pb_column][et_pb_column type=&#8220;1_4&#8243; _builder_version=&#8220;4.27.4&#8243; _dynamic_attributes=&#8220;link_option_url&#8220; _module_preset=&#8220;default&#8220; animation_style=&#8220;fade&#8220; animation_duration=&#8220;700ms&#8220; link_option_url=&#8220;@ET-DC@eyJkeW5hbWljIjp0cnVlLCJjb250ZW50IjoicG9zdF9saW5rX3VybF9wYWdlIiwic2V0dGluZ3MiOnsicG9zdF9pZCI6Ijk4OSIsImVuYWJsZV9odG1sIjoib2ZmIn19@&#8220; global_colors_info=&#8220;{}&#8220;][et_pb_image src=&#8220;https:\/\/hotelvillasantangelo.it\/wp-content\/uploads\/2025\/09\/teaser-home_pool.jpg&#8220; title_text=&#8220;teaser-home_pool&#8220; force_fullwidth=&#8220;on&#8220; _builder_version=&#8220;4.27.4&#8243; _module_preset=&#8220;default&#8220; custom_margin=&#8220;0px||0px||true|false&#8220; custom_padding=&#8220;0px||0px||true|false&#8220; hover_enabled=&#8220;0&#8243; border_width_bottom=&#8220;4px&#8220; border_color_bottom=&#8220;#FFFFFF&#8220; global_colors_info=&#8220;{}&#8220; sticky_enabled=&#8220;0&#8243;][\/et_pb_image][et_pb_text _builder_version=&#8220;4.27.4&#8243; _module_preset=&#8220;default&#8220; text_font=&#8220;Lato Light||||||||&#8220; text_text_color=&#8220;#FFFFFF&#8220; text_font_size=&#8220;1.6rem&#8220; text_line_height=&#8220;1.5em&#8220; header_text_color=&#8220;#1a4a5e&#8220; background_color=&#8220;#a7997c&#8220; text_orientation=&#8220;center&#8220; custom_margin=&#8220;0px|0px|0px|0px|true|true&#8220; custom_padding=&#8220;4%|4%|4%|4%|true|true&#8220; text_font_size_tablet=&#8220;1.4rem&#8220; text_font_size_phone=&#8220;1.2rem&#8220; text_font_size_last_edited=&#8220;on|phone&#8220; global_colors_info=&#8220;{}&#8220;]<\/p>\n<p>Geniessen Sie die herrliche Aussicht und entspannen Sie sich an unserem grossen Pool inmitten des Gartens<\/p>\n<p>[\/et_pb_text][\/et_pb_column][et_pb_column type=&#8220;1_4&#8243; _builder_version=&#8220;4.27.4&#8243; _dynamic_attributes=&#8220;link_option_url&#8220; _module_preset=&#8220;default&#8220; animation_style=&#8220;fade&#8220; animation_duration=&#8220;700ms&#8220; link_option_url=&#8220;@ET-DC@eyJkeW5hbWljIjp0cnVlLCJjb250ZW50IjoicG9zdF9saW5rX3VybF9wYWdlIiwic2V0dGluZ3MiOnsicG9zdF9pZCI6IjUwOCIsImVuYWJsZV9odG1sIjoib2ZmIn19@&#8220; global_colors_info=&#8220;{}&#8220;][et_pb_image src=&#8220;https:\/\/hotelvillasantangelo.it\/wp-content\/uploads\/2025\/04\/Teaser-3-1.jpg&#8220; title_text=&#8220;Teaser-Camere&#8220; force_fullwidth=&#8220;on&#8220; _builder_version=&#8220;4.27.4&#8243; _module_preset=&#8220;default&#8220; custom_margin=&#8220;0px||0px||true|false&#8220; custom_padding=&#8220;0px||0px||true|false&#8220; border_width_bottom=&#8220;4px&#8220; border_color_bottom=&#8220;#FFFFFF&#8220; global_colors_info=&#8220;{}&#8220;][\/et_pb_image][et_pb_text _builder_version=&#8220;4.27.4&#8243; _module_preset=&#8220;default&#8220; text_font=&#8220;Lato Light||||||||&#8220; text_text_color=&#8220;#FFFFFF&#8220; text_font_size=&#8220;1.6rem&#8220; text_line_height=&#8220;1.5em&#8220; header_text_color=&#8220;#1a4a5e&#8220; background_color=&#8220;#a7997c&#8220; text_orientation=&#8220;center&#8220; custom_margin=&#8220;0px|0px|0px|0px|true|true&#8220; custom_padding=&#8220;4%|4%|4%|4%|true|true&#8220; text_font_size_tablet=&#8220;1.4rem&#8220; text_font_size_phone=&#8220;1.2rem&#8220; text_font_size_last_edited=&#8220;on|phone&#8220; global_colors_info=&#8220;{}&#8220;]<\/p>\n<p>Einzigartig eingerichtete Zimmer f\u00fcr erholsame N\u00e4chte in zeitloser Eleganz<\/p>\n<p>[\/et_pb_text][\/et_pb_column][et_pb_column type=&#8220;1_4&#8243; _builder_version=&#8220;4.27.4&#8243; _dynamic_attributes=&#8220;link_option_url&#8220; _module_preset=&#8220;default&#8220; animation_style=&#8220;fade&#8220; animation_duration=&#8220;700ms&#8220; link_option_url=&#8220;@ET-DC@eyJkeW5hbWljIjp0cnVlLCJjb250ZW50IjoicG9zdF9saW5rX3VybF9wYWdlIiwic2V0dGluZ3MiOnsicG9zdF9pZCI6IjEwMDAiLCJlbmFibGVfaHRtbCI6Im9mZiJ9fQ==@&#8220; global_colors_info=&#8220;{}&#8220;][et_pb_image src=&#8220;https:\/\/hotelvillasantangelo.it\/wp-content\/uploads\/2025\/04\/Teaser-8-1.jpg&#8220; title_text=&#8220;Teaser-Eventi&#8220; force_fullwidth=&#8220;on&#8220; _builder_version=&#8220;4.27.4&#8243; _module_preset=&#8220;default&#8220; custom_margin=&#8220;0px||0px||true|false&#8220; custom_padding=&#8220;0px||0px||true|false&#8220; border_width_bottom=&#8220;4px&#8220; border_color_bottom=&#8220;#FFFFFF&#8220; global_colors_info=&#8220;{}&#8220;][\/et_pb_image][et_pb_text _builder_version=&#8220;4.27.4&#8243; _module_preset=&#8220;default&#8220; text_font=&#8220;Lato Light||||||||&#8220; text_text_color=&#8220;#FFFFFF&#8220; text_font_size=&#8220;1.6rem&#8220; text_line_height=&#8220;1.5em&#8220; header_text_color=&#8220;#1a4a5e&#8220; background_color=&#8220;#a7997c&#8220; text_orientation=&#8220;center&#8220; custom_margin=&#8220;0px|0px|0px|0px|true|true&#8220; custom_padding=&#8220;4%|4%|4%|4%|true|true&#8220; text_font_size_tablet=&#8220;1.4rem&#8220; text_font_size_phone=&#8220;1.2rem&#8220; text_font_size_last_edited=&#8220;on|phone&#8220; global_colors_info=&#8220;{}&#8220;]<\/p>\n<p>Der perfekte Ort f\u00fcr unvergessliche Feste und besondere Anl\u00e4sse<\/p>\n<p>[\/et_pb_text][\/et_pb_column][\/et_pb_row][\/et_pb_section][et_pb_section fb_built=&#8220;1&#8243; custom_padding_last_edited=&#8220;on|phone&#8220; _builder_version=&#8220;4.27.4&#8243; _module_preset=&#8220;default&#8220; background_color=&#8220;#1a4a5e&#8220; custom_margin=&#8220;||||false|false&#8220; custom_margin_tablet=&#8220;||4%||false|false&#8220; custom_margin_phone=&#8220;||9%||false|false&#8220; custom_margin_last_edited=&#8220;on|tablet&#8220; custom_padding=&#8220;2%||2%||true|false&#8220; custom_padding_tablet=&#8220;2%||2%||true|false&#8220; custom_padding_phone=&#8220;2%||2%||true|false&#8220; global_colors_info=&#8220;{}&#8220;][et_pb_row _builder_version=&#8220;4.27.4&#8243; _module_preset=&#8220;default&#8220; width=&#8220;70%&#8220; width_tablet=&#8220;70%&#8220; width_phone=&#8220;80%&#8220; width_last_edited=&#8220;on|desktop&#8220; global_colors_info=&#8220;{}&#8220;][et_pb_column type=&#8220;4_4&#8243; _builder_version=&#8220;4.27.4&#8243; _module_preset=&#8220;default&#8220; global_colors_info=&#8220;{}&#8220;][et_pb_heading title=&#8220;- VSA -&#8220; _builder_version=&#8220;4.27.4&#8243; _module_preset=&#8220;default&#8220; title_level=&#8220;h2&#8243; title_font=&#8220;Marcellus Sc Regular||||||||&#8220; title_text_align=&#8220;center&#8220; title_text_color=&#8220;#FFFFFF&#8220; title_font_size=&#8220;3.4rem&#8220; custom_margin=&#8220;0px||0px||true|false&#8220; custom_padding=&#8220;0px||0px||true|false&#8220; title_font_size_tablet=&#8220;2.9rem&#8220; title_font_size_phone=&#8220;2.2rem&#8220; title_font_size_last_edited=&#8220;on|tablet&#8220; global_colors_info=&#8220;{}&#8220;][\/et_pb_heading][et_pb_text _builder_version=&#8220;4.27.4&#8243; _module_preset=&#8220;default&#8220; text_font=&#8220;Lato Light||||||||&#8220; text_text_color=&#8220;#FFFFFF&#8220; text_font_size=&#8220;1.6rem&#8220; text_line_height=&#8220;1.5em&#8220; text_orientation=&#8220;center&#8220; width=&#8220;100%&#8220; custom_padding=&#8220;||3px|||&#8220; text_font_size_tablet=&#8220;1.4rem&#8220; text_font_size_phone=&#8220;1.2rem&#8220; text_font_size_last_edited=&#8220;on|phone&#8220; global_colors_info=&#8220;{}&#8220;]<\/p>\n<p style=\"text-align: center;\">Tauchen Sie ein in eine zeitlose Oase der Eleganz, Tradition und Ruhe, mit einem herrlichen Blick auf das Meer und die Stadt<\/p>\n<p>[\/et_pb_text][\/et_pb_column][\/et_pb_row][\/et_pb_section][et_pb_section fb_built=&#8220;1&#8243; custom_padding_last_edited=&#8220;on|phone&#8220; _builder_version=&#8220;4.27.4&#8243; _module_preset=&#8220;default&#8220; background_color=&#8220;#FFFFFF&#8220; custom_padding=&#8220;6.1%||||false|false&#8220; custom_padding_tablet=&#8220;4%||||false|false&#8220; custom_padding_phone=&#8220;4%||0px||false|false&#8220; global_colors_info=&#8220;{}&#8220;][et_pb_row _builder_version=&#8220;4.27.4&#8243; _module_preset=&#8220;default&#8220; width=&#8220;100%&#8220; width_tablet=&#8220;90%&#8220; width_phone=&#8220;93%&#8220; width_last_edited=&#8220;on|phone&#8220; custom_margin=&#8220;||||false|false&#8220; custom_padding=&#8220;0px||0px||false|false&#8220; global_colors_info=&#8220;{}&#8220;][et_pb_column type=&#8220;4_4&#8243; _builder_version=&#8220;4.27.4&#8243; _module_preset=&#8220;default&#8220; global_colors_info=&#8220;{}&#8220;][dmg_masonry_gallery gallery=&#8220;8400,1704,1788,1702,1787,534,8409,8412,8418,8406,1784,8415,5591,8463,8430,8466,8436,5189,5309,5108&#8243; zoom_hover=&#8220;on&#8220; images_size=&#8220;dmg_image_large&#8220; columns_tablet=&#8220;3&#8243; columns_phone=&#8220;2&#8243; columns_last_edited=&#8220;on|phone&#8220; _builder_version=&#8220;4.27.4&#8243; _module_preset=&#8220;default&#8220; global_colors_info=&#8220;{}&#8220;][\/dmg_masonry_gallery][\/et_pb_column][\/et_pb_row][\/et_pb_section][et_pb_section fb_built=&#8220;1&#8243; _builder_version=&#8220;4.27.4&#8243; _module_preset=&#8220;default&#8220; custom_padding=&#8220;0px||3px|||&#8220; global_colors_info=&#8220;{}&#8220;][et_pb_row _builder_version=&#8220;4.27.4&#8243; _module_preset=&#8220;default&#8220; custom_margin=&#8220;0px||0px||true|false&#8220; custom_padding=&#8220;0px||0px||true|false&#8220; global_colors_info=&#8220;{}&#8220;][et_pb_column type=&#8220;4_4&#8243; _builder_version=&#8220;4.27.4&#8243; _module_preset=&#8220;default&#8220; global_colors_info=&#8220;{}&#8220;][et_pb_icon font_icon=&#8220;&#x32;||divi||400&#8243; icon_color=&#8220;#5b738b&#8220; url=&#8220;#icon-anchor&#8220; _builder_version=&#8220;4.27.4&#8243; _module_preset=&#8220;default&#8220; background_enable_color=&#8220;off&#8220; custom_margin=&#8220;0px||0px||true|false&#8220; custom_padding=&#8220;0px||0px||true|false&#8220; global_colors_info=&#8220;{}&#8220;][\/et_pb_icon][\/et_pb_column][\/et_pb_row][\/et_pb_section]<\/p>\n","protected":false},"excerpt":{"rendered":"<p>Eingebettet in die sanften H\u00fcgel von Alba Adriatica, nur 2 km vom Meer entfernt, befindet sich die Villa Sant&#8217;Angelo an einem exklusiven Ort. Hier vereinen sich traditioneller Charme, feine K\u00fcche und unber\u00fchrte Natur zu einem einzigartigen R\u00fcckzugsort. \u00abWir heissen Sie herzlich willkommen in unserem kleinen R\u00fcckzugsort voller Eleganz, Tradition und zeitloser Ruhe \u2013 inspiriert von [&hellip;]<\/p>\n","protected":false},"author":3,"featured_media":0,"parent":0,"menu_order":0,"comment_status":"closed","ping_status":"closed","template":"","meta":{"_seopress_robots_primary_cat":"","_seopress_titles_title":"Villa Sant'Angelo \u2013 Hotel mit Pool und Restaurant f\u00fcr Veranstaltungen am Meer in Alba Adriatica, Abruzzen","_seopress_titles_desc":"Eingebettet in die sanften H\u00fcgel von Alba Adriatica liegt die Villa Sant'Angelo, ein Synonym f\u00fcr Eleganz, Tradition und Ruhe. Sie verf\u00fcgt \u00fcber einen Swimmingpool und ein Restaurant, das traditionelle K\u00fcche der Abruzzen serviert und sich auch ideal f\u00fcr die Ausrichtung von Veranstaltungen eignet.","_seopress_robots_index":"","_et_pb_use_builder":"on","_et_pb_old_content":"","_et_gb_content_width":"","footnotes":""},"class_list":["post-2725","page","type-page","status-publish","hentry"],"_links":{"self":[{"href":"https:\/\/hotelvillasantangelo.it\/de\/wp-json\/wp\/v2\/pages\/2725","targetHints":{"allow":["GET"]}}],"collection":[{"href":"https:\/\/hotelvillasantangelo.it\/de\/wp-json\/wp\/v2\/pages"}],"about":[{"href":"https:\/\/hotelvillasantangelo.it\/de\/wp-json\/wp\/v2\/types\/page"}],"author":[{"embeddable":true,"href":"https:\/\/hotelvillasantangelo.it\/de\/wp-json\/wp\/v2\/users\/3"}],"replies":[{"embeddable":true,"href":"https:\/\/hotelvillasantangelo.it\/de\/wp-json\/wp\/v2\/comments?post=2725"}],"version-history":[{"count":374,"href":"https:\/\/hotelvillasantangelo.it\/de\/wp-json\/wp\/v2\/pages\/2725\/revisions"}],"predecessor-version":[{"id":8887,"href":"https:\/\/hotelvillasantangelo.it\/de\/wp-json\/wp\/v2\/pages\/2725\/revisions\/8887"}],"wp:attachment":[{"href":"https:\/\/hotelvillasantangelo.it\/de\/wp-json\/wp\/v2\/media?parent=2725"}],"curies":[{"name":"wp","href":"https:\/\/api.w.org\/{rel}","templated":true}]}}